{"id":23,"date":"2015-03-30T21:28:14","date_gmt":"2015-03-30T21:28:14","guid":{"rendered":"http:\/\/mcnoored.tyrikogudus.ee\/MC\/?page_id=23"},"modified":"2025-02-06T21:33:01","modified_gmt":"2025-02-06T19:33:01","slug":"meist","status":"publish","type":"page","link":"https:\/\/mcnoored.tyrikogudus.ee\/MC\/meist\/","title":{"rendered":"Meist"},"content":{"rendered":"<div id=\"pl-23\"  class=\"panel-layout\" >\n<div id=\"pg-23-0\"  class=\"panel-grid panel-no-style\"  data-style=\"{&quot;background_image_attachment&quot;:false,&quot;background_display&quot;:&quot;tile&quot;,&quot;background_image_size&quot;:&quot;full&quot;,&quot;background_image_opacity&quot;:&quot;100&quot;,&quot;border_thickness&quot;:&quot;1px&quot;,&quot;full_height&quot;:&quot;&quot;,&quot;cell_alignment&quot;:&quot;flex-start&quot;}\" >\n<div id=\"pgc-23-0-0\"  class=\"panel-grid-cell\"  data-weight=\"0.50021645021645\" >\n<div id=\"panel-23-0-0-0\" class=\"so-panel widget widget_black-studio-tinymce widget_black_studio_tinymce panel-first-child panel-last-child\" data-index=\"0\" data-style=\"{&quot;background_image_attachment&quot;:false,&quot;background_display&quot;:&quot;tile&quot;,&quot;background_image_size&quot;:&quot;full&quot;,&quot;background_image_opacity&quot;:&quot;100&quot;,&quot;border_thickness&quot;:&quot;1px&quot;}\" >\n<div class=\"textwidget\">\n<h1 style=\"text-align: justify;\"><span style=\"font-family: Tahoma, Arial, Helvetica, sans-serif;\">Kes me oleme?<\/span><\/h1>\n<p style=\"text-align: justify;\"><span style=\"font-family: Tahoma, Arial, Helvetica, sans-serif;\">Meie oleme MC&#8217; Noored!<\/span><\/p>\n<p style=\"text-align: justify;\"><span style=\"font-family: Tahoma, Arial, Helvetica, sans-serif;\">Nimi MC` s\u00fcndis ametlikult 8.m\u00e4rts 2015<\/span><\/p>\n<p>&nbsp;<\/p>\n<p style=\"text-align: justify;\"><span style=\"font-family: Tahoma, Arial, Helvetica, sans-serif;\">Miks just MC?<\/span><\/p>\n<p style=\"text-align: justify;\"><span style=\"font-family: Tahoma, Arial, Helvetica, sans-serif;\"> 1. MC &#8211; Mission Church; Me oleme T\u00fcri misjonikoguduse noored.<\/span><\/p>\n<p style=\"text-align: justify;\"><span style=\"font-family: Tahoma, Arial, Helvetica, sans-serif;\"> 2. MC &#8211; More Christ; Me <span class=\"text_exposed_show\">tahame igal p\u00e4eval ROHKEM KRISTUST oma eludesse, ROHKEM JUMALAT Eestisse, J\u00e4rvamaale, T\u00fcrile ja meid \u00fcmbritsevate inimeste eludesse!<\/span><\/span><\/p>\n<p>3. MC &#8211; More Coffee; McDonald`s..ja palju muud l\u00f5busat on just see, mis meie toimetuste sisse alati \u00e4ra mahub.<\/p><\/div>\n<\/div>\n<\/div>\n<div id=\"pgc-23-0-1\"  class=\"panel-grid-cell\"  data-weight=\"0.2495670995671\" >\n<div id=\"panel-23-0-1-0\" class=\"so-panel widget widget_black-studio-tinymce widget_black_studio_tinymce panel-first-child\" data-index=\"1\" data-style=\"{&quot;background_image_attachment&quot;:false,&quot;background_display&quot;:&quot;tile&quot;,&quot;background_image_size&quot;:&quot;full&quot;,&quot;background_image_opacity&quot;:&quot;100&quot;,&quot;border_thickness&quot;:&quot;1px&quot;}\" >\n<h3 class=\"widget-title\">MC&#8217; Inimesed<\/h3>\n<div class=\"textwidget\"><\/div>\n<\/div>\n<div id=\"panel-23-0-1-1\" class=\"so-panel widget widget_black-studio-tinymce widget_black_studio_tinymce\" data-index=\"2\" data-style=\"{&quot;background_image_attachment&quot;:false,&quot;background_display&quot;:&quot;tile&quot;,&quot;background_image_size&quot;:&quot;full&quot;,&quot;background_image_opacity&quot;:&quot;100&quot;,&quot;border_thickness&quot;:&quot;1px&quot;}\" >\n<div class=\"textwidget\"><span style=\"font-family: Tahoma, Arial, Helvetica, sans-serif;\">Roman Murga &#8211; Noortepastor<\/span><\/div>\n<\/div>\n<div id=\"panel-23-0-1-2\" class=\"so-panel widget widget_sow-image panel-last-child\" data-index=\"3\" data-style=\"{&quot;background_image_attachment&quot;:false,&quot;background_display&quot;:&quot;tile&quot;,&quot;background_image_size&quot;:&quot;full&quot;,&quot;background_image_opacity&quot;:&quot;100&quot;,&quot;border_thickness&quot;:&quot;1px&quot;}\" >[siteorigin_widget class=&#8221;SiteOrigin_Widget_Image_Widget&#8221;]<input type=\"hidden\" value=\"{&quot;instance&quot;:{&quot;image&quot;:3298,&quot;image_fallback&quot;:&quot;&quot;,&quot;size&quot;:&quot;full&quot;,&quot;size_width&quot;:&quot;&quot;,&quot;size_height&quot;:&quot;&quot;,&quot;size_external&quot;:&quot;full&quot;,&quot;size_external_width&quot;:&quot;&quot;,&quot;size_external_height&quot;:&quot;&quot;,&quot;align&quot;:&quot;center&quot;,&quot;title_align&quot;:&quot;left&quot;,&quot;title&quot;:&quot;&quot;,&quot;title_position&quot;:&quot;hidden&quot;,&quot;alt&quot;:&quot;&quot;,&quot;url&quot;:&quot;&quot;,&quot;bound&quot;:true,&quot;rel&quot;:&quot;&quot;,&quot;image_shape&quot;:{&quot;shape&quot;:&quot;hexagon&quot;,&quot;repeat&quot;:&quot;no-repeat&quot;,&quot;size&quot;:&quot;&quot;,&quot;size_unit&quot;:&quot;px&quot;,&quot;alignment&quot;:&quot;center&quot;,&quot;so_field_container_state&quot;:&quot;open&quot;,&quot;enable&quot;:&quot;&quot;},&quot;_sow_form_id&quot;:&quot;422240525637c945df02c8407974120&quot;,&quot;_sow_form_timestamp&quot;:&quot;1738164744223&quot;,&quot;link_title&quot;:&quot;&quot;,&quot;new_window&quot;:&quot;&quot;,&quot;full_width&quot;:&quot;&quot;,&quot;so_sidebar_emulator_id&quot;:&quot;sow-image-2310003&quot;,&quot;option_name&quot;:&quot;widget_sow-image&quot;},&quot;args&quot;:{&quot;before_widget&quot;:&quot;&lt;div id=\\&quot;panel-23-0-1-2\\&quot; class=\\&quot;so-panel widget widget_sow-image panel-last-child\\&quot; data-index=\\&quot;3\\&quot; data-style=\\&quot;{&amp;quot;background_image_attachment&amp;quot;:false,&amp;quot;background_display&amp;quot;:&amp;quot;tile&amp;quot;,&amp;quot;background_image_size&amp;quot;:&amp;quot;full&amp;quot;,&amp;quot;background_image_opacity&amp;quot;:&amp;quot;100&amp;quot;,&amp;quot;border_thickness&amp;quot;:&amp;quot;1px&amp;quot;}\\&quot; &gt;&quot;,&quot;after_widget&quot;:&quot;&lt;\\\/div&gt;&quot;,&quot;before_title&quot;:&quot;&lt;h3 class=\\&quot;widget-title\\&quot;&gt;&quot;,&quot;after_title&quot;:&quot;&lt;\\\/h3&gt;&quot;,&quot;widget_id&quot;:&quot;widget-0-1-2&quot;}}\" \/>[\/siteorigin_widget]<\/div>\n<\/div>\n<div id=\"pgc-23-0-2\"  class=\"panel-grid-cell\"  data-weight=\"0.25021645021645\" >\n<div id=\"panel-23-0-2-0\" class=\"so-panel widget widget_black-studio-tinymce widget_black_studio_tinymce panel-first-child\" data-index=\"4\" data-style=\"{&quot;background_image_attachment&quot;:false,&quot;background_display&quot;:&quot;tile&quot;,&quot;background_image_size&quot;:&quot;full&quot;,&quot;background_image_opacity&quot;:&quot;100&quot;,&quot;border_thickness&quot;:&quot;1px&quot;}\" >\n<div class=\"textwidget\"><\/div>\n<\/div>\n<div id=\"panel-23-0-2-1\" class=\"so-panel widget widget_black-studio-tinymce widget_black_studio_tinymce\" data-index=\"5\" data-style=\"{&quot;background_image_attachment&quot;:false,&quot;background_display&quot;:&quot;tile&quot;}\" >\n<div class=\"textwidget\">Eliis Horm &#8211; Noortejuht<\/div>\n<\/div>\n<div id=\"panel-23-0-2-2\" class=\"so-panel widget widget_sow-image panel-last-child\" data-index=\"6\" data-style=\"{&quot;background_image_attachment&quot;:false,&quot;background_display&quot;:&quot;tile&quot;,&quot;background_image_size&quot;:&quot;full&quot;,&quot;background_image_opacity&quot;:&quot;100&quot;,&quot;border_thickness&quot;:&quot;1px&quot;}\" >[siteorigin_widget class=&#8221;SiteOrigin_Widget_Image_Widget&#8221;]<input type=\"hidden\" value=\"{&quot;instance&quot;:{&quot;image&quot;:3294,&quot;image_fallback&quot;:&quot;&quot;,&quot;size&quot;:&quot;full&quot;,&quot;size_width&quot;:&quot;&quot;,&quot;size_height&quot;:&quot;&quot;,&quot;size_external&quot;:&quot;full&quot;,&quot;size_external_width&quot;:&quot;&quot;,&quot;size_external_height&quot;:&quot;&quot;,&quot;align&quot;:&quot;center&quot;,&quot;title_align&quot;:&quot;left&quot;,&quot;title&quot;:&quot;&quot;,&quot;title_position&quot;:&quot;hidden&quot;,&quot;alt&quot;:&quot;&quot;,&quot;url&quot;:&quot;&quot;,&quot;bound&quot;:true,&quot;rel&quot;:&quot;&quot;,&quot;image_shape&quot;:{&quot;shape&quot;:&quot;&quot;,&quot;repeat&quot;:&quot;no-repeat&quot;,&quot;size&quot;:&quot;&quot;,&quot;size_unit&quot;:&quot;px&quot;,&quot;alignment&quot;:&quot;center&quot;,&quot;so_field_container_state&quot;:&quot;open&quot;,&quot;enable&quot;:&quot;&quot;},&quot;_sow_form_id&quot;:&quot;520695566637c94694e824851222368&quot;,&quot;_sow_form_timestamp&quot;:&quot;1738164511963&quot;,&quot;link_title&quot;:&quot;&quot;,&quot;new_window&quot;:&quot;&quot;,&quot;full_width&quot;:&quot;&quot;,&quot;so_sidebar_emulator_id&quot;:&quot;sow-image-2310006&quot;,&quot;option_name&quot;:&quot;widget_sow-image&quot;},&quot;args&quot;:{&quot;before_widget&quot;:&quot;&lt;div id=\\&quot;panel-23-0-2-2\\&quot; class=\\&quot;so-panel widget widget_sow-image panel-last-child\\&quot; data-index=\\&quot;6\\&quot; data-style=\\&quot;{&amp;quot;background_image_attachment&amp;quot;:false,&amp;quot;background_display&amp;quot;:&amp;quot;tile&amp;quot;,&amp;quot;background_image_size&amp;quot;:&amp;quot;full&amp;quot;,&amp;quot;background_image_opacity&amp;quot;:&amp;quot;100&amp;quot;,&amp;quot;border_thickness&amp;quot;:&amp;quot;1px&amp;quot;}\\&quot; &gt;&quot;,&quot;after_widget&quot;:&quot;&lt;\\\/div&gt;&quot;,&quot;before_title&quot;:&quot;&lt;h3 class=\\&quot;widget-title\\&quot;&gt;&quot;,&quot;after_title&quot;:&quot;&lt;\\\/h3&gt;&quot;,&quot;widget_id&quot;:&quot;widget-0-2-2&quot;}}\" \/>[\/siteorigin_widget]<\/div>\n<\/div>\n<\/div>\n<div id=\"pg-23-1\"  class=\"panel-grid panel-no-style\" >\n<div id=\"pgc-23-1-0\"  class=\"panel-grid-cell panel-grid-cell-empty\"  data-weight=\"1\" ><\/div>\n<\/div>\n<\/div>\n","protected":false},"excerpt":{"rendered":"<p>Kes me oleme? Meie oleme MC&#8217; Noored! Nimi MC` s\u00fcndis ametlikult 8.m\u00e4rts 2015 &nbsp; Miks just MC? 1. MC &#8211;<\/p>\n<p><a href=\"https:\/\/mcnoored.tyrikogudus.ee\/MC\/meist\/\" class=\"more-link\">Continue reading<span class=\"screen-reader-text\">Meist<\/span><\/a><\/p>\n","protected":false},"author":9,"featured_media":0,"parent":0,"menu_order":0,"comment_status":"closed","ping_status":"closed","template":"","meta":{"footnotes":""},"class_list":["post-23","page","type-page","status-publish","hentry"],"_links":{"self":[{"href":"https:\/\/mcnoored.tyrikogudus.ee\/MC\/wp-json\/wp\/v2\/pages\/23","targetHints":{"allow":["GET"]}}],"collection":[{"href":"https:\/\/mcnoored.tyrikogudus.ee\/MC\/wp-json\/wp\/v2\/pages"}],"about":[{"href":"https:\/\/mcnoored.tyrikogudus.ee\/MC\/wp-json\/wp\/v2\/types\/page"}],"author":[{"embeddable":true,"href":"https:\/\/mcnoored.tyrikogudus.ee\/MC\/wp-json\/wp\/v2\/users\/9"}],"replies":[{"embeddable":true,"href":"https:\/\/mcnoored.tyrikogudus.ee\/MC\/wp-json\/wp\/v2\/comments?post=23"}],"version-history":[{"count":35,"href":"https:\/\/mcnoored.tyrikogudus.ee\/MC\/wp-json\/wp\/v2\/pages\/23\/revisions"}],"predecessor-version":[{"id":6130,"href":"https:\/\/mcnoored.tyrikogudus.ee\/MC\/wp-json\/wp\/v2\/pages\/23\/revisions\/6130"}],"wp:attachment":[{"href":"https:\/\/mcnoored.tyrikogudus.ee\/MC\/wp-json\/wp\/v2\/media?parent=23"}],"curies":[{"name":"wp","href":"https:\/\/api.w.org\/{rel}","templated":true}]}}